{"id":734,"date":"2013-04-01T15:37:54","date_gmt":"2013-04-01T15:37:54","guid":{"rendered":"http:\/\/www.kriesi.at\/themes\/enfold\/?page_id=734"},"modified":"2025-01-05T19:17:23","modified_gmt":"2025-01-05T19:17:23","slug":"portofolio","status":"publish","type":"page","link":"https:\/\/marsol-project.com\/index.php\/portofolio\/","title":{"rendered":"Publications"},"content":{"rendered":"\n<style type=\"text\/css\" data-created_by=\"avia_inline_auto\" id=\"style-css-av-m5fvjnno-410ea54b32f79a3603afa5e47b0d7bed\">\n#top .av_textblock_section.av-m5fvjnno-410ea54b32f79a3603afa5e47b0d7bed .avia_textblock{\nfont-size:16px;\ncolor:#3f2821;\ntext-align:left;\n}\n<\/style>\n<section  class='av_textblock_section av-m5fvjnno-410ea54b32f79a3603afa5e47b0d7bed '   itemscope=\"itemscope\" itemtype=\"https:\/\/schema.org\/CreativeWork\" ><div class='avia_textblock av_inherit_color'  itemprop=\"text\" ><blockquote>\n<p><strong>Publications<\/strong><\/p>\n<\/blockquote>\n<ol>\n<li><strong><span style=\"color: #000080;\">Mikuli\u0107, Antonio; \u0106atipovi\u0107, Ivan; Alujevi\u0107, Neven; Gatin, Inno. <\/span><\/strong>Numerical Model for Wave Motions and Loads of Multibody Floating Photovoltaic Structures \/\/ Proceedings of the 41st European Photovoltaic Solar Energy Conference and Exhibition \/ Eder, G. C.; Kenny, R.; Bergmiller, J. et al. (ur.). M\u00fcnchen: WIP Renewable Energies, 2024, 020445. doi: <span style=\"color: #3366ff;\"><a style=\"color: #3366ff;\" href=\"https:\/\/www.croris.hr\/crosbi\/publikacija\/prilog-skup\/861683\" target=\"_blank\" rel=\"noopener\">10.4229\/EUPVSEC2024\/4DV.1.23<\/a><\/span><\/li>\n<li><span style=\"color: #000080;\"><strong>\u0106atipovi\u0107, Ivan; Alujevi\u0107, Neven; Gatin, Inno; Matijevi\u0107, Mario; Mikuli\u0107, Antonio; Smoljan, Darko; Trontl, Kre\u0161imir.<\/strong> <\/span>Marine Applications of Floating Solar Photovoltaic Systems \/\/ Book of Abstracts of the 26th Symposium on Theory and Practice of Shipbuilding, In Memoriam prof. Leopold Sorta (Sorta 2024) \/ Degiuli, Nastia; Braidotti, Luca; Val\u010di\u0107, Marko et al. (ur.). Zadar: University of Zadar, 2024, pp. 23-24.<\/li>\n<li><strong><span style=\"color: #000080;\">\u0106atipovi\u0107, Ivan; Pedi\u0161i\u0107-Bu\u010da, Marta; Parunov, Jo\u0161ko.<\/span><\/strong> Steering and Rising Testing of an Innovative Tourist Submarine \/\/ Journal of marine science and engineering, 12 (2024), 2, 332. doi: <span style=\"color: #3366ff;\"><a style=\"color: #3366ff;\" href=\"https:\/\/www.mdpi.com\/2077-1312\/12\/2\/332\" target=\"_blank\" rel=\"noopener\">10.3390\/jmse12020332<\/a><\/span><\/li>\n<li><strong><span style=\"color: #000080;\">Mikuli\u0107, Antonio; \u0106orak, Maro; Parunov, Jo\u0161ko.<\/span><\/strong> A Simplified Formulation of the Linear Design VWBM Based on IACS Rec. No. 34 Rev.2. \/\/ Proceedings of the ASME 2024 43rd International Conference on Ocean, Offshore and Arctic Engineering. Volume 2: Structures, Safety, and Reliability. Singapore, Singapore, 2024, OMAE2024-12808, V002T02A018. doi: 10.1115\/OMAE2024-128082<\/li>\n<li><strong><span style=\"color: #000080;\">Arandia-Kre\u0161i\u0107, Sre\u0107ko; Alujevi\u0107, Neven; \u0106atipovi\u0107, Ivan; Joki\u0107, Marko.<\/span> <\/strong>Nonreciprocal vibration transmission using dislocated displacement feedback \/\/ Journal of sound and vibration, 576 (2024). doi: <span style=\"color: #3366ff;\"><a style=\"color: #3366ff;\" href=\"https:\/\/www.sciencedirect.com\/science\/article\/abs\/pii\/S0022460X24000245\" target=\"_blank\" rel=\"noopener\">10.1016\/j.jsv.2024.118260<\/a><\/span><\/li>\n<li><span style=\"color: #000080;\"><strong>Arandia-Kre\u0161i\u0107, Sre\u0107ko; Turalija, Stipe; Alujevi\u0107, Neven; Vladimir, Nikola.<\/strong><\/span> Active vibration isolation by emulating the inerter through relative acceleration feedback \/\/ Acta acustica, 8 (2024), 49. doi: <span style=\"color: #3366ff;\"><a style=\"color: #3366ff;\" href=\"https:\/\/acta-acustica.edpsciences.org\/articles\/aacus\/full_html\/2024\/01\/aacus240037\/aacus240037.html\" target=\"_blank\" rel=\"noopener\">10.1051\/aacus\/2024047<\/a><\/span><\/li>\n<li><strong><span style=\"color: #000080;\">Rado\u0161, Ru\u017eica; Alujevi\u0107, Neven; Vladimir, Nikola; Arandia-Kre\u0161i\u0107, Sre\u0107ko; \u0106atipovi\u0107, Ivan.<\/span><\/strong> Exact and an approximate solution for free vibrations of rotating cylindrical shells having both ends clamped \/\/ Proceedings of ISMA2024 (International Conference on Noise and Vibration Engineering) including USD2024 \/ Desmet, Wim; Pluymers, Bert; Moens, David et al. (ur.). Leuven: KU Leuven, Departement Werktuigkunde, LMSD (Mecha(tro)nic System Dynamics), Heverlee, Belgium, 2024, pp. 1249-1263.<\/li>\n<li><strong><span style=\"color: #000080;\">Arandia-Kre\u0161i\u0107, Sre\u0107ko; Alujevi\u0107, Neven; Mik\u0161ik, Nikola; Bolat, Fevzi \u00c7akmak.<\/span><\/strong> Active metamaterial cell for nonreciprocal sound transmission \/\/ Proceedings of ISMA2024 (International Conference on Noise and Vibration Engineering) including USD2024 \/ Desmet, Wim; Pluymers, Bert; Moens, David et al. (ur.). Leuven: KU Leuven, Departement Werktuigkunde, LMSD (Mecha(tro)nic System Dynamics), Heverlee, Belgium, 2024, pp. 179-190.<\/li>\n<\/ol>\n<\/div><\/section>\n<\/div><\/div><\/div><!-- close content main div --><\/div><\/div><div id='av_section_1'  class='avia-section av-p92na-54f919f2fbd0f9437245db655c364bb9 main_color avia-section-default avia-no-border-styling  avia-builder-el-1  el_after_av_textblock  avia-builder-el-last  avia-bg-style-scroll container_wrap fullsize'  ><div class='container av-section-cont-open' ><div class='template-page content  av-content-full alpha units'><div class='post-entry post-entry-type-page post-entry-734'><div class='entry-content-wrapper clearfix'>\n\n<style type=\"text\/css\" data-created_by=\"avia_inline_auto\" id=\"style-css-av-j8sdq-59fa65d51f65d025c4d7add89e944d47\">\n.avia-image-container.av-j8sdq-59fa65d51f65d025c4d7add89e944d47 img.avia_image{\nbox-shadow:none;\n}\n.avia-image-container.av-j8sdq-59fa65d51f65d025c4d7add89e944d47 .av-image-caption-overlay-center{\ncolor:#ffffff;\n}\n<\/style>\n<div  class='avia-image-container av-j8sdq-59fa65d51f65d025c4d7add89e944d47 av-styling-no-styling av-img-linked avia-align-left  avia-builder-el-2  el_before_av_image  avia-builder-el-first '   itemprop=\"image\" itemscope=\"itemscope\" itemtype=\"https:\/\/schema.org\/ImageObject\" ><div class=\"avia-image-container-inner\"><div class=\"avia-image-overlay-wrap\"><a href=\"https:\/\/hrzz.hr\/en\/\" class='avia_image ' target=\"_blank\" rel=\"noopener noreferrer\" aria-label='Capture hrrz'><img decoding=\"async\" fetchpriority=\"high\" class='wp-image-3457 avia-img-lazy-loading-not-3457 avia_image ' src=\"https:\/\/marsol-project.com\/wp-content\/uploads\/2025\/01\/Capture-hrrz-705x139.jpg\" alt='' title='Capture hrrz'  height=\"139\" width=\"705\"  itemprop=\"thumbnailUrl\" srcset=\"https:\/\/marsol-project.com\/wp-content\/uploads\/2025\/01\/Capture-hrrz-705x139.jpg 705w, https:\/\/marsol-project.com\/wp-content\/uploads\/2025\/01\/Capture-hrrz-300x59.jpg 300w, https:\/\/marsol-project.com\/wp-content\/uploads\/2025\/01\/Capture-hrrz-768x151.jpg 768w, https:\/\/marsol-project.com\/wp-content\/uploads\/2025\/01\/Capture-hrrz.jpg 964w\" sizes=\"(max-width: 705px) 100vw, 705px\" \/><\/a><\/div><\/div><\/div>\n\n<style type=\"text\/css\" data-created_by=\"avia_inline_auto\" id=\"style-css-av-et1ly-22604a0f98a53597634cd37257d2b018\">\n.avia-image-container.av-et1ly-22604a0f98a53597634cd37257d2b018 img.avia_image{\nbox-shadow:none;\n}\n.avia-image-container.av-et1ly-22604a0f98a53597634cd37257d2b018 .av-image-caption-overlay-center{\ncolor:#ffffff;\n}\n<\/style>\n<div  class='avia-image-container av-et1ly-22604a0f98a53597634cd37257d2b018 av-styling- av-img-linked avia-align-center  avia-builder-el-3  el_after_av_image  el_before_av_image '   itemprop=\"image\" itemscope=\"itemscope\" itemtype=\"https:\/\/schema.org\/ImageObject\" ><div class=\"avia-image-container-inner\"><div class=\"avia-image-overlay-wrap\"><a href=\"https:\/\/www.fer.unizg.hr\/en\" class='avia_image ' target=\"_blank\" rel=\"noopener noreferrer\" aria-label='Capture FER'><img decoding=\"async\" fetchpriority=\"high\" class='wp-image-3463 avia-img-lazy-loading-not-3463 avia_image ' src=\"https:\/\/marsol-project.com\/wp-content\/uploads\/2025\/01\/Capture-FER-1-705x129.jpg\" alt='' title='Capture FER'  height=\"129\" width=\"705\"  itemprop=\"thumbnailUrl\" srcset=\"https:\/\/marsol-project.com\/wp-content\/uploads\/2025\/01\/Capture-FER-1-705x129.jpg 705w, https:\/\/marsol-project.com\/wp-content\/uploads\/2025\/01\/Capture-FER-1-300x55.jpg 300w, https:\/\/marsol-project.com\/wp-content\/uploads\/2025\/01\/Capture-FER-1-768x141.jpg 768w, https:\/\/marsol-project.com\/wp-content\/uploads\/2025\/01\/Capture-FER-1.jpg 953w\" sizes=\"(max-width: 705px) 100vw, 705px\" \/><\/a><\/div><\/div><\/div>\n\n<style type=\"text\/css\" data-created_by=\"avia_inline_auto\" id=\"style-css-av-76v8m-5725530204a39ef4ae1fddbfb9147a23\">\n.avia-image-container.av-76v8m-5725530204a39ef4ae1fddbfb9147a23 img.avia_image{\nbox-shadow:none;\n}\n.avia-image-container.av-76v8m-5725530204a39ef4ae1fddbfb9147a23 .av-image-caption-overlay-center{\ncolor:#ffffff;\n}\n<\/style>\n<div  class='avia-image-container av-76v8m-5725530204a39ef4ae1fddbfb9147a23 av-styling- av-img-linked avia-align-right  avia-builder-el-4  el_after_av_image  avia-builder-el-last '   itemprop=\"image\" itemscope=\"itemscope\" itemtype=\"https:\/\/schema.org\/ImageObject\" ><div class=\"avia-image-container-inner\"><div class=\"avia-image-overlay-wrap\"><a href=\"https:\/\/www.fsb.unizg.hr\/index.php?fsbonline&amp;lang=en\" class='avia_image '  aria-label='Capture FSSB'><img decoding=\"async\" fetchpriority=\"high\" class='wp-image-3456 avia-img-lazy-loading-not-3456 avia_image ' src=\"https:\/\/marsol-project.com\/wp-content\/uploads\/2025\/01\/Capture-FSSB-705x152.jpg\" alt='' title='Capture FSSB'  height=\"152\" width=\"705\"  itemprop=\"thumbnailUrl\" srcset=\"https:\/\/marsol-project.com\/wp-content\/uploads\/2025\/01\/Capture-FSSB-705x152.jpg 705w, https:\/\/marsol-project.com\/wp-content\/uploads\/2025\/01\/Capture-FSSB-300x65.jpg 300w, https:\/\/marsol-project.com\/wp-content\/uploads\/2025\/01\/Capture-FSSB-1030x223.jpg 1030w, https:\/\/marsol-project.com\/wp-content\/uploads\/2025\/01\/Capture-FSSB-768x166.jpg 768w, https:\/\/marsol-project.com\/wp-content\/uploads\/2025\/01\/Capture-FSSB.jpg 1083w\" sizes=\"(max-width: 705px) 100vw, 705px\" \/><\/a><\/div><\/div><\/div>\n\n","protected":false},"excerpt":{"rendered":"<p>This is a Page excerpt. It will be displayed for search results<\/p>\n","protected":false},"author":1,"featured_media":0,"parent":0,"menu_order":0,"comment_status":"open","ping_status":"open","template":"","meta":{"footnotes":""},"class_list":["post-734","page","type-page","status-publish","hentry"],"yoast_head":"<!-- This site is optimized with the Yoast SEO plugin v24.1 - https:\/\/yoast.com\/wordpress\/plugins\/seo\/ -->\n<title>Publications - Marsol-project<\/title>\n<meta name=\"robots\" content=\"index, follow, max-snippet:-1, max-image-preview:large, max-video-preview:-1\" \/>\n<link rel=\"canonical\" href=\"https:\/\/marsol-project.com\/index.php\/portofolio\/\" \/>\n<meta property=\"og:locale\" content=\"hr_HR\" \/>\n<meta property=\"og:type\" content=\"article\" \/>\n<meta property=\"og:title\" content=\"Publications - Marsol-project\" \/>\n<meta property=\"og:description\" content=\"This is a Page excerpt. It will be displayed for search results\" \/>\n<meta property=\"og:url\" content=\"https:\/\/marsol-project.com\/index.php\/portofolio\/\" \/>\n<meta property=\"og:site_name\" content=\"Marsol-project\" \/>\n<meta property=\"article:modified_time\" content=\"2025-01-05T19:17:23+00:00\" \/>\n<meta name=\"twitter:card\" content=\"summary_large_image\" \/>\n<meta name=\"twitter:label1\" content=\"Procijenjeno vrijeme \u010ditanja\" \/>\n\t<meta name=\"twitter:data1\" content=\"3 minute\" \/>\n<script type=\"application\/ld+json\" class=\"yoast-schema-graph\">{\"@context\":\"https:\/\/schema.org\",\"@graph\":[{\"@type\":\"WebPage\",\"@id\":\"https:\/\/marsol-project.com\/index.php\/portofolio\/\",\"url\":\"https:\/\/marsol-project.com\/index.php\/portofolio\/\",\"name\":\"Publications - Marsol-project\",\"isPartOf\":{\"@id\":\"https:\/\/marsol-project.com\/#website\"},\"datePublished\":\"2013-04-01T15:37:54+00:00\",\"dateModified\":\"2025-01-05T19:17:23+00:00\",\"breadcrumb\":{\"@id\":\"https:\/\/marsol-project.com\/index.php\/portofolio\/#breadcrumb\"},\"inLanguage\":\"hr\",\"potentialAction\":[{\"@type\":\"ReadAction\",\"target\":[\"https:\/\/marsol-project.com\/index.php\/portofolio\/\"]}]},{\"@type\":\"BreadcrumbList\",\"@id\":\"https:\/\/marsol-project.com\/index.php\/portofolio\/#breadcrumb\",\"itemListElement\":[{\"@type\":\"ListItem\",\"position\":1,\"name\":\"Home\",\"item\":\"https:\/\/marsol-project.com\/index.php\/about-us\/\"},{\"@type\":\"ListItem\",\"position\":2,\"name\":\"Publications\"}]},{\"@type\":\"WebSite\",\"@id\":\"https:\/\/marsol-project.com\/#website\",\"url\":\"https:\/\/marsol-project.com\/\",\"name\":\"Marsol-project\",\"description\":\"\",\"potentialAction\":[{\"@type\":\"SearchAction\",\"target\":{\"@type\":\"EntryPoint\",\"urlTemplate\":\"https:\/\/marsol-project.com\/?s={search_term_string}\"},\"query-input\":{\"@type\":\"PropertyValueSpecification\",\"valueRequired\":true,\"valueName\":\"search_term_string\"}}],\"inLanguage\":\"hr\"}]}<\/script>\n<!-- \/ Yoast SEO plugin. -->","yoast_head_json":{"title":"Publications - Marsol-project","robots":{"index":"index","follow":"follow","max-snippet":"max-snippet:-1","max-image-preview":"max-image-preview:large","max-video-preview":"max-video-preview:-1"},"canonical":"https:\/\/marsol-project.com\/index.php\/portofolio\/","og_locale":"hr_HR","og_type":"article","og_title":"Publications - Marsol-project","og_description":"This is a Page excerpt. It will be displayed for search results","og_url":"https:\/\/marsol-project.com\/index.php\/portofolio\/","og_site_name":"Marsol-project","article_modified_time":"2025-01-05T19:17:23+00:00","twitter_card":"summary_large_image","twitter_misc":{"Procijenjeno vrijeme \u010ditanja":"3 minute"},"schema":{"@context":"https:\/\/schema.org","@graph":[{"@type":"WebPage","@id":"https:\/\/marsol-project.com\/index.php\/portofolio\/","url":"https:\/\/marsol-project.com\/index.php\/portofolio\/","name":"Publications - Marsol-project","isPartOf":{"@id":"https:\/\/marsol-project.com\/#website"},"datePublished":"2013-04-01T15:37:54+00:00","dateModified":"2025-01-05T19:17:23+00:00","breadcrumb":{"@id":"https:\/\/marsol-project.com\/index.php\/portofolio\/#breadcrumb"},"inLanguage":"hr","potentialAction":[{"@type":"ReadAction","target":["https:\/\/marsol-project.com\/index.php\/portofolio\/"]}]},{"@type":"BreadcrumbList","@id":"https:\/\/marsol-project.com\/index.php\/portofolio\/#breadcrumb","itemListElement":[{"@type":"ListItem","position":1,"name":"Home","item":"https:\/\/marsol-project.com\/index.php\/about-us\/"},{"@type":"ListItem","position":2,"name":"Publications"}]},{"@type":"WebSite","@id":"https:\/\/marsol-project.com\/#website","url":"https:\/\/marsol-project.com\/","name":"Marsol-project","description":"","potentialAction":[{"@type":"SearchAction","target":{"@type":"EntryPoint","urlTemplate":"https:\/\/marsol-project.com\/?s={search_term_string}"},"query-input":{"@type":"PropertyValueSpecification","valueRequired":true,"valueName":"search_term_string"}}],"inLanguage":"hr"}]}},"_links":{"self":[{"href":"https:\/\/marsol-project.com\/index.php\/wp-json\/wp\/v2\/pages\/734","targetHints":{"allow":["GET"]}}],"collection":[{"href":"https:\/\/marsol-project.com\/index.php\/wp-json\/wp\/v2\/pages"}],"about":[{"href":"https:\/\/marsol-project.com\/index.php\/wp-json\/wp\/v2\/types\/page"}],"author":[{"embeddable":true,"href":"https:\/\/marsol-project.com\/index.php\/wp-json\/wp\/v2\/users\/1"}],"replies":[{"embeddable":true,"href":"https:\/\/marsol-project.com\/index.php\/wp-json\/wp\/v2\/comments?post=734"}],"version-history":[{"count":23,"href":"https:\/\/marsol-project.com\/index.php\/wp-json\/wp\/v2\/pages\/734\/revisions"}],"predecessor-version":[{"id":3539,"href":"https:\/\/marsol-project.com\/index.php\/wp-json\/wp\/v2\/pages\/734\/revisions\/3539"}],"wp:attachment":[{"href":"https:\/\/marsol-project.com\/index.php\/wp-json\/wp\/v2\/media?parent=734"}],"curies":[{"name":"wp","href":"https:\/\/api.w.org\/{rel}","templated":true}]}}