{"id":3574,"date":"2025-05-24T12:11:24","date_gmt":"2025-05-24T12:11:24","guid":{"rendered":"https:\/\/marsol-project.com\/?page_id=3574"},"modified":"2025-11-03T15:43:46","modified_gmt":"2025-11-03T15:43:46","slug":"mobdol-2","status":"publish","type":"page","link":"https:\/\/marsol-project.com\/index.php\/mobdol-2\/","title":{"rendered":"MOBDOL"},"content":{"rendered":"<p><strong>Title of research project<\/strong><\/p>\n<p>Marine Applications of Floating Solar Photovoltaic Systems<\/p>\n<p><strong>Project Funder and Project Number<\/strong><\/p>\n<p><span style=\"vertical-align: inherit;\"><span style=\"vertical-align: inherit;\">HRZZ and MOBDOL12-2023-5851<\/span><\/span><\/p>\n<p><strong>Host Mentor<\/strong><\/p>\n<p><span style=\"vertical-align: inherit;\"><span style=\"vertical-align: inherit;\">izv. prof. dr. sc. Neven Alujevi\u0107<\/span><\/span><\/p>\n<p><span style=\"vertical-align: inherit;\"><span style=\"vertical-align: inherit;\">e-mail: <\/span><\/span><a href=\"mailto:neven.alujevic@fsb.unizg.hr\"><span style=\"vertical-align: inherit;\"><span style=\"vertical-align: inherit;\">neven.alujevic@fsb.unizg.hr<\/span><\/span><\/a><\/p>\n<p><strong>Visiting\u00a0 Researcher<\/strong><\/p>\n<p>Dr. Fevzi \u00c7akmak BOLAT<\/p>\n<p>e-mail:<a href=\"mailto:neven.alujevic@fsb.unizg.hr\">fevzicakmak.bolat@kocaeli.edu.tr<\/a><\/p>\n<p><strong>Project Goals<\/strong><\/p>\n<p><span style=\"vertical-align: inherit;\"><span style=\"vertical-align: inherit;\">1-Development of a lumped parameter model of the smart structure for the active control of low frequency sound transmission<\/span><\/span><\/p>\n<p><span style=\"vertical-align: inherit;\"><span style=\"vertical-align: inherit;\">2-Design and fabrication of the experimental setup<\/span><\/span><\/p>\n<p>&nbsp;<\/p>\n<p><strong>Accepted and Published Conference papers<\/strong><\/p>\n<p>1. Arandia-Kre\u0161i\u0107, S., Alujevi\u0107, N., Mik\u0161i\u0107, N., &amp; Bolat, F. C. (2024). Active metamaterial cell for nonreciprocal sound transmission. In Proceedings of ISMA2024 (International Conference on Noise and Vibration Engineering) including USD2024. Leuven: KU Leuven, Departement Werktuigkunde, LMSD (Mecha (tro) nic System Dynamics) Celestijnenlaan 300-box 2420, B-3001 Heverlee, Belgium.<\/p>\n<p>2. Bolat, F. \u00c7., G\u00fcng\u00f6r, S., &amp; Alujevic, N. (2024). Numerical Vibration Analysis of a High-Pressure Multi-Stage Centrifugal Pump Rotor System. In Proceedings of International Conference (p. 25).<\/p>\n<p>3. Bolat, F. \u00c7., &amp; Alujevic, N. (2025), Investigation of structural response of active acoustic metamaterial cell-7th International Congress on Human-Computer Interaction, Optimization and Robotic Applications May 23-24, 2025 | The Ankara Hotel | Ankara-Turkiye (Hybrid)<\/p>\n<p>&nbsp;<\/p>\n<p><strong>Published Journal Papers<\/strong><\/p>\n<p>1-Bolat, F. \u00c7., \u00c7etin, B. T., &amp; Alujevic, N. (2025). Vibration\u2010Based Energy Harvesting From a Two\u2010Degree\u2010of\u2010Freedom Auxetic Beam Element With Variable Stiffness.\u00a0<i>Wind Energy<\/i>,\u00a0<i>28<\/i>(7), e70038.<\/p>\n<p>2-Cakmak Bolat, F., Arandia-Kre\u0161i\u0107, S., &amp; Alujevic, N. (2025). Energy harvesting from resonance frequencies of multi-beam structure with the synchronization phenomenon.\u00a0<i>Energy Sources, Part A: Recovery, Utilization, and Environmental Effects<\/i>,\u00a0<i>47<\/i>(2), 2520430.<\/p>\n<p>3-Bolat, F. \u00c7., Karaba\u015f, O., G\u00fcng\u00f6r, S., &amp; Alujevic, N. (2025). Dynamic Response Evaluation of a Multi-Stage Centrifugal Pump: A Combined CFD and Vibration Analysis Approach.\u00a0<i>Journal of Vibration Engineering &amp; Technologies<\/i>,\u00a0<i>13<\/i>(8), 1-20.<\/p>\n<p>4-Arandia-Kre\u0161i\u0107, S., Alujevi\u0107, N., Bolat, F. \u00c7., \u0106atipovi\u0107, I., &amp; Chesne, S. (2025). An Active Metamaterial Cell Concept for Broadband NONRECIPROCAL Vibration Transmission Using Dislocated PI Control.\u00a0<i>Journal of Vibration Engineering &amp; Technologies<\/i>,\u00a0<i>13<\/i>(7), 524.<\/p>\n<p>5-Bolat, F. \u00c7., \u00c7etin, B. T., Erd\u00f6l, M., &amp; Alujevic, N. (2025). Active control of vortex shedding and galloping induced vibrations in an auxetic aeroelastic structure.\u00a0<i>Physics of Fluids<\/i>,\u00a0<i>37<\/i>(8).<\/p>\n<p>6-Bolat, F. C., Ozbek, K., Gelis, K., Erturk, E., Alujevic, N., Ozyurt, O., &amp; Sivrioglu, S. (2025). Assessing analysis of a small-scale dual rotor counter-rotation wind turbine with a unique pitch mechanism: Experimental parametric study.\u00a0<i>Mechanical Systems and Signal Processing<\/i>,\u00a0<i>225<\/i>, 112292.<\/p>\n<p>&nbsp;<\/p>\n","protected":false},"excerpt":{"rendered":"<p>Title of research project Marine Applications of Floating Solar Photovoltaic Systems Project Funder and Project Number HRZZ and MOBDOL12-2023-5851 Host Mentor izv. prof. dr. sc. Neven Alujevi\u0107 e-mail: neven.alujevic@fsb.unizg.hr Visiting\u00a0 Researcher Dr. Fevzi \u00c7akmak BOLAT e-mail:fevzicakmak.bolat@kocaeli.edu.tr Project Goals 1-Development of a lumped parameter model of the smart structure for the active control of low frequency [&hellip;]<\/p>\n","protected":false},"author":1,"featured_media":0,"parent":0,"menu_order":0,"comment_status":"closed","ping_status":"closed","template":"","meta":{"footnotes":""},"class_list":["post-3574","page","type-page","status-publish","hentry"],"yoast_head":"<!-- This site is optimized with the Yoast SEO plugin v24.1 - https:\/\/yoast.com\/wordpress\/plugins\/seo\/ -->\n<title>MOBDOL - Marsol-project<\/title>\n<meta name=\"robots\" content=\"index, follow, max-snippet:-1, max-image-preview:large, max-video-preview:-1\" \/>\n<link rel=\"canonical\" href=\"https:\/\/marsol-project.com\/index.php\/mobdol-2\/\" \/>\n<meta property=\"og:locale\" content=\"hr_HR\" \/>\n<meta property=\"og:type\" content=\"article\" \/>\n<meta property=\"og:title\" content=\"MOBDOL - Marsol-project\" \/>\n<meta property=\"og:description\" content=\"Title of research project Marine Applications of Floating Solar Photovoltaic Systems Project Funder and Project Number HRZZ and MOBDOL12-2023-5851 Host Mentor izv. prof. dr. sc. Neven Alujevi\u0107 e-mail: neven.alujevic@fsb.unizg.hr Visiting\u00a0 Researcher Dr. Fevzi \u00c7akmak BOLAT e-mail:fevzicakmak.bolat@kocaeli.edu.tr Project Goals 1-Development of a lumped parameter model of the smart structure for the active control of low frequency [&hellip;]\" \/>\n<meta property=\"og:url\" content=\"https:\/\/marsol-project.com\/index.php\/mobdol-2\/\" \/>\n<meta property=\"og:site_name\" content=\"Marsol-project\" \/>\n<meta property=\"article:modified_time\" content=\"2025-11-03T15:43:46+00:00\" \/>\n<meta name=\"twitter:card\" content=\"summary_large_image\" \/>\n<meta name=\"twitter:label1\" content=\"Procijenjeno vrijeme \u010ditanja\" \/>\n\t<meta name=\"twitter:data1\" content=\"3 minute\" \/>\n<script type=\"application\/ld+json\" class=\"yoast-schema-graph\">{\"@context\":\"https:\/\/schema.org\",\"@graph\":[{\"@type\":\"WebPage\",\"@id\":\"https:\/\/marsol-project.com\/index.php\/mobdol-2\/\",\"url\":\"https:\/\/marsol-project.com\/index.php\/mobdol-2\/\",\"name\":\"MOBDOL - Marsol-project\",\"isPartOf\":{\"@id\":\"https:\/\/marsol-project.com\/#website\"},\"datePublished\":\"2025-05-24T12:11:24+00:00\",\"dateModified\":\"2025-11-03T15:43:46+00:00\",\"breadcrumb\":{\"@id\":\"https:\/\/marsol-project.com\/index.php\/mobdol-2\/#breadcrumb\"},\"inLanguage\":\"hr\",\"potentialAction\":[{\"@type\":\"ReadAction\",\"target\":[\"https:\/\/marsol-project.com\/index.php\/mobdol-2\/\"]}]},{\"@type\":\"BreadcrumbList\",\"@id\":\"https:\/\/marsol-project.com\/index.php\/mobdol-2\/#breadcrumb\",\"itemListElement\":[{\"@type\":\"ListItem\",\"position\":1,\"name\":\"Home\",\"item\":\"https:\/\/marsol-project.com\/index.php\/about-us\/\"},{\"@type\":\"ListItem\",\"position\":2,\"name\":\"MOBDOL\"}]},{\"@type\":\"WebSite\",\"@id\":\"https:\/\/marsol-project.com\/#website\",\"url\":\"https:\/\/marsol-project.com\/\",\"name\":\"Marsol-project\",\"description\":\"\",\"potentialAction\":[{\"@type\":\"SearchAction\",\"target\":{\"@type\":\"EntryPoint\",\"urlTemplate\":\"https:\/\/marsol-project.com\/?s={search_term_string}\"},\"query-input\":{\"@type\":\"PropertyValueSpecification\",\"valueRequired\":true,\"valueName\":\"search_term_string\"}}],\"inLanguage\":\"hr\"}]}<\/script>\n<!-- \/ Yoast SEO plugin. -->","yoast_head_json":{"title":"MOBDOL - Marsol-project","robots":{"index":"index","follow":"follow","max-snippet":"max-snippet:-1","max-image-preview":"max-image-preview:large","max-video-preview":"max-video-preview:-1"},"canonical":"https:\/\/marsol-project.com\/index.php\/mobdol-2\/","og_locale":"hr_HR","og_type":"article","og_title":"MOBDOL - Marsol-project","og_description":"Title of research project Marine Applications of Floating Solar Photovoltaic Systems Project Funder and Project Number HRZZ and MOBDOL12-2023-5851 Host Mentor izv. prof. dr. sc. Neven Alujevi\u0107 e-mail: neven.alujevic@fsb.unizg.hr Visiting\u00a0 Researcher Dr. Fevzi \u00c7akmak BOLAT e-mail:fevzicakmak.bolat@kocaeli.edu.tr Project Goals 1-Development of a lumped parameter model of the smart structure for the active control of low frequency [&hellip;]","og_url":"https:\/\/marsol-project.com\/index.php\/mobdol-2\/","og_site_name":"Marsol-project","article_modified_time":"2025-11-03T15:43:46+00:00","twitter_card":"summary_large_image","twitter_misc":{"Procijenjeno vrijeme \u010ditanja":"3 minute"},"schema":{"@context":"https:\/\/schema.org","@graph":[{"@type":"WebPage","@id":"https:\/\/marsol-project.com\/index.php\/mobdol-2\/","url":"https:\/\/marsol-project.com\/index.php\/mobdol-2\/","name":"MOBDOL - Marsol-project","isPartOf":{"@id":"https:\/\/marsol-project.com\/#website"},"datePublished":"2025-05-24T12:11:24+00:00","dateModified":"2025-11-03T15:43:46+00:00","breadcrumb":{"@id":"https:\/\/marsol-project.com\/index.php\/mobdol-2\/#breadcrumb"},"inLanguage":"hr","potentialAction":[{"@type":"ReadAction","target":["https:\/\/marsol-project.com\/index.php\/mobdol-2\/"]}]},{"@type":"BreadcrumbList","@id":"https:\/\/marsol-project.com\/index.php\/mobdol-2\/#breadcrumb","itemListElement":[{"@type":"ListItem","position":1,"name":"Home","item":"https:\/\/marsol-project.com\/index.php\/about-us\/"},{"@type":"ListItem","position":2,"name":"MOBDOL"}]},{"@type":"WebSite","@id":"https:\/\/marsol-project.com\/#website","url":"https:\/\/marsol-project.com\/","name":"Marsol-project","description":"","potentialAction":[{"@type":"SearchAction","target":{"@type":"EntryPoint","urlTemplate":"https:\/\/marsol-project.com\/?s={search_term_string}"},"query-input":{"@type":"PropertyValueSpecification","valueRequired":true,"valueName":"search_term_string"}}],"inLanguage":"hr"}]}},"_links":{"self":[{"href":"https:\/\/marsol-project.com\/index.php\/wp-json\/wp\/v2\/pages\/3574","targetHints":{"allow":["GET"]}}],"collection":[{"href":"https:\/\/marsol-project.com\/index.php\/wp-json\/wp\/v2\/pages"}],"about":[{"href":"https:\/\/marsol-project.com\/index.php\/wp-json\/wp\/v2\/types\/page"}],"author":[{"embeddable":true,"href":"https:\/\/marsol-project.com\/index.php\/wp-json\/wp\/v2\/users\/1"}],"replies":[{"embeddable":true,"href":"https:\/\/marsol-project.com\/index.php\/wp-json\/wp\/v2\/comments?post=3574"}],"version-history":[{"count":13,"href":"https:\/\/marsol-project.com\/index.php\/wp-json\/wp\/v2\/pages\/3574\/revisions"}],"predecessor-version":[{"id":3596,"href":"https:\/\/marsol-project.com\/index.php\/wp-json\/wp\/v2\/pages\/3574\/revisions\/3596"}],"wp:attachment":[{"href":"https:\/\/marsol-project.com\/index.php\/wp-json\/wp\/v2\/media?parent=3574"}],"curies":[{"name":"wp","href":"https:\/\/api.w.org\/{rel}","templated":true}]}}