{"id":1167,"date":"2013-04-05T13:33:38","date_gmt":"2013-04-05T13:33:38","guid":{"rendered":"http:\/\/www.kriesi.at\/themes\/enfold\/?page_id=1167"},"modified":"2025-01-06T09:58:49","modified_gmt":"2025-01-06T09:58:49","slug":"contact","status":"publish","type":"page","link":"https:\/\/marsol-project.com\/index.php\/pages\/contact\/","title":{"rendered":"Contact"},"content":{"rendered":"<div  class='flex_column av-2zl1wv-dc6b72e12dc432c6ef74b57bf698af14 av_one_full  avia-builder-el-0  el_before_av_three_fourth  avia-builder-el-first  first flex_column_div  '     ><style type=\"text\/css\" data-created_by=\"avia_inline_auto\" id=\"style-css-av-m5jd5v6v-edfdb2e19552037002920c28c63bbad7\">\n#top .av_textblock_section.av-m5jd5v6v-edfdb2e19552037002920c28c63bbad7 .avia_textblock{\nfont-size:14px;\n}\n<\/style>\n<section  class='av_textblock_section av-m5jd5v6v-edfdb2e19552037002920c28c63bbad7 '   itemscope=\"itemscope\" itemtype=\"https:\/\/schema.org\/CreativeWork\" ><div class='avia_textblock'  itemprop=\"text\" ><p><strong>Address:<\/strong><\/p>\n<p>Faculty of Mechanical Engineering and Naval Architecture<\/p>\n<p>Ivana Lu\u010di\u0107a 5<br \/>\n10002 Zagreb, p.p. 102<br \/>\nCroatia<\/p>\n<p>e-mail: ivan.catipovic@fsb.unizg.hr<\/p>\n<\/div><\/section><\/div><div  class='flex_column av-f6yqn3-c0154f108db3080782f8fbb432232e04 av_three_fourth  avia-builder-el-2  el_after_av_one_full  el_before_av_hr  first flex_column_div  column-top-margin'     ><p>\n<style type=\"text\/css\" data-created_by=\"avia_inline_auto\" id=\"style-css-av-b40yjj-bc8b398762679f7255203ae3a1971f34\">\n#top .av-special-heading.av-b40yjj-bc8b398762679f7255203ae3a1971f34{\npadding-bottom:10px;\n}\nbody .av-special-heading.av-b40yjj-bc8b398762679f7255203ae3a1971f34 .av-special-heading-tag .heading-char{\nfont-size:25px;\n}\n.av-special-heading.av-b40yjj-bc8b398762679f7255203ae3a1971f34 .av-subheading{\nfont-size:15px;\n}\n<\/style>\n<div  class='av-special-heading av-b40yjj-bc8b398762679f7255203ae3a1971f34 av-special-heading-h3 meta-heading  avia-builder-el-3  el_before_av_contact  avia-builder-el-first '><h3 class='av-special-heading-tag'  itemprop=\"headline\"  >Send us mail<\/h3><div class=\"special-heading-border\"><div class=\"special-heading-inner-border\"><\/div><\/div><\/div><br \/>\n<form action=\"https:\/\/marsol-project.com\/index.php\/pages\/contact\/\" method=\"post\" data-fields-with-error=\"Prona\u0111ene su pogre\u0161ke u sljede\u0107im poljima:\" class=\"avia_ajax_form av-form-labels-visible   avia-builder-el-4  el_after_av_heading  avia-builder-el-last   \" data-avia-form-id=\"1\" data-avia-redirect='' ><fieldset><p class='  first_form  form_element form_element_half' id='element_avia_1_1'><label for=\"avia_1_1\">Name <abbr class=\"required\" title=\"potreban\">*<\/abbr><\/label> <input name=\"avia_1_1\" class=\"text_input is_empty\" type=\"text\" id=\"avia_1_1\" value=\"\" \/><\/p><p class='  form_element form_element_half' id='element_avia_2_1'><label for=\"avia_2_1\">E-Mail <abbr class=\"required\" title=\"potreban\">*<\/abbr><\/label> <input name=\"avia_2_1\" class=\"text_input is_email\" type=\"text\" id=\"avia_2_1\" value=\"\" \/><\/p><p class='  first_form  form_element form_fullwidth' id='element_avia_3_1'><label for=\"avia_3_1\">Subject <abbr class=\"required\" title=\"potreban\">*<\/abbr><\/label> <input name=\"avia_3_1\" class=\"text_input is_empty\" type=\"text\" id=\"avia_3_1\" value=\"\" \/><\/p><p class='  first_form  form_element form_fullwidth av-last-visible-form-element' id='element_avia_4_1'><label for=\"avia_4_1\" class=\"textare_label hidden textare_label_avia_4_1\">Message <abbr class=\"required\" title=\"potreban\">*<\/abbr><\/label><textarea  name=\"avia_4_1\" class=\"text_area is_empty\" cols=\"40\" rows=\"7\" id=\"avia_4_1\" ><\/textarea><\/p><p class=\"hidden\"><input type=\"text\" name=\"avia_5_1\" class=\"hidden \" id=\"avia_5_1\" value=\"\" \/><\/p><p class=\"form_element \"><input type=\"hidden\" value=\"1\" name=\"avia_generated_form1\" \/><input type=\"submit\" value=\"Submit\" class=\"button\"  data-sending-label=\"Slanje\"\/><\/p><\/fieldset><\/form><div id=\"ajaxresponse_1\" class=\"ajaxresponse ajaxresponse_1 hidden\"><\/div><\/p><\/div><\/p>\n<div  class='hr av-34639r-7087e9bfc16e8268d40ffa7ce060b023 hr-default  avia-builder-el-5  el_after_av_three_fourth  el_before_av_textblock '><span class='hr-inner '><span class=\"hr-inner-style\"><\/span><\/span><\/div>\n<section  class='av_textblock_section av-m5iielr3-6ad119b58a4499815e20f66c8bedf119 '   itemscope=\"itemscope\" itemtype=\"https:\/\/schema.org\/CreativeWork\" ><div class='avia_textblock'  itemprop=\"text\" >   \r\n     <div id=\"simpleMap\" style=\"overflow:hidden; width:600; margin:0 auto; position: relative;\">\r\n        <div class=\"fluid-width-video-wrapper\" style=\"padding-top:1px !important;\">\r\n            <iframe \r\n                src=\"https:\/\/maps.google.com\/maps?q=45.79541,15.97177&hl=en;z=14&amp;output=embed\"\r\n                width=\"100%\"\r\n                frameborder=\"0\"\r\n                title=\"Our Location in google map\"\r\n                style=\"height:500px; width:100%;  padding:0 !important;\"\r\n                allowfullscreen=\"\"\r\n                >\r\n            <\/iframe>\r\n        <\/div>\r\n            <\/div>\r\n    \n<\/div><\/section>\n","protected":false},"excerpt":{"rendered":"","protected":false},"author":1,"featured_media":3357,"parent":1122,"menu_order":0,"comment_status":"open","ping_status":"open","template":"","meta":{"footnotes":""},"class_list":["post-1167","page","type-page","status-publish","has-post-thumbnail","hentry"],"yoast_head":"<!-- This site is optimized with the Yoast SEO plugin v24.1 - https:\/\/yoast.com\/wordpress\/plugins\/seo\/ -->\n<title>Contact - Marsol-project<\/title>\n<meta name=\"robots\" content=\"index, follow, max-snippet:-1, max-image-preview:large, max-video-preview:-1\" \/>\n<link rel=\"canonical\" href=\"https:\/\/marsol-project.com\/index.php\/pages\/contact\/\" \/>\n<meta property=\"og:locale\" content=\"hr_HR\" \/>\n<meta property=\"og:type\" content=\"article\" \/>\n<meta property=\"og:title\" content=\"Contact - Marsol-project\" \/>\n<meta property=\"og:url\" content=\"https:\/\/marsol-project.com\/index.php\/pages\/contact\/\" \/>\n<meta property=\"og:site_name\" content=\"Marsol-project\" \/>\n<meta property=\"article:modified_time\" content=\"2025-01-06T09:58:49+00:00\" \/>\n<meta property=\"og:image\" content=\"https:\/\/marsol-project.com\/wp-content\/uploads\/2025\/01\/Glavna-slika.jpg\" \/>\n\t<meta property=\"og:image:width\" content=\"1901\" \/>\n\t<meta property=\"og:image:height\" content=\"796\" \/>\n\t<meta property=\"og:image:type\" content=\"image\/jpeg\" \/>\n<meta name=\"twitter:card\" content=\"summary_large_image\" \/>\n<meta name=\"twitter:label1\" content=\"Procijenjeno vrijeme \u010ditanja\" \/>\n\t<meta name=\"twitter:data1\" content=\"1 minuta\" \/>\n<script type=\"application\/ld+json\" class=\"yoast-schema-graph\">{\"@context\":\"https:\/\/schema.org\",\"@graph\":[{\"@type\":\"WebPage\",\"@id\":\"https:\/\/marsol-project.com\/index.php\/pages\/contact\/\",\"url\":\"https:\/\/marsol-project.com\/index.php\/pages\/contact\/\",\"name\":\"Contact - Marsol-project\",\"isPartOf\":{\"@id\":\"https:\/\/marsol-project.com\/#website\"},\"primaryImageOfPage\":{\"@id\":\"https:\/\/marsol-project.com\/index.php\/pages\/contact\/#primaryimage\"},\"image\":{\"@id\":\"https:\/\/marsol-project.com\/index.php\/pages\/contact\/#primaryimage\"},\"thumbnailUrl\":\"https:\/\/marsol-project.com\/wp-content\/uploads\/2025\/01\/Glavna-slika.jpg\",\"datePublished\":\"2013-04-05T13:33:38+00:00\",\"dateModified\":\"2025-01-06T09:58:49+00:00\",\"breadcrumb\":{\"@id\":\"https:\/\/marsol-project.com\/index.php\/pages\/contact\/#breadcrumb\"},\"inLanguage\":\"hr\",\"potentialAction\":[{\"@type\":\"ReadAction\",\"target\":[\"https:\/\/marsol-project.com\/index.php\/pages\/contact\/\"]}]},{\"@type\":\"ImageObject\",\"inLanguage\":\"hr\",\"@id\":\"https:\/\/marsol-project.com\/index.php\/pages\/contact\/#primaryimage\",\"url\":\"https:\/\/marsol-project.com\/wp-content\/uploads\/2025\/01\/Glavna-slika.jpg\",\"contentUrl\":\"https:\/\/marsol-project.com\/wp-content\/uploads\/2025\/01\/Glavna-slika.jpg\",\"width\":1901,\"height\":796},{\"@type\":\"BreadcrumbList\",\"@id\":\"https:\/\/marsol-project.com\/index.php\/pages\/contact\/#breadcrumb\",\"itemListElement\":[{\"@type\":\"ListItem\",\"position\":1,\"name\":\"Home\",\"item\":\"https:\/\/marsol-project.com\/index.php\/about-us\/\"},{\"@type\":\"ListItem\",\"position\":2,\"name\":\"Pages\",\"item\":\"https:\/\/marsol-project.com\/index.php\/pages\/\"},{\"@type\":\"ListItem\",\"position\":3,\"name\":\"Contact\"}]},{\"@type\":\"WebSite\",\"@id\":\"https:\/\/marsol-project.com\/#website\",\"url\":\"https:\/\/marsol-project.com\/\",\"name\":\"Marsol-project\",\"description\":\"\",\"potentialAction\":[{\"@type\":\"SearchAction\",\"target\":{\"@type\":\"EntryPoint\",\"urlTemplate\":\"https:\/\/marsol-project.com\/?s={search_term_string}\"},\"query-input\":{\"@type\":\"PropertyValueSpecification\",\"valueRequired\":true,\"valueName\":\"search_term_string\"}}],\"inLanguage\":\"hr\"}]}<\/script>\n<!-- \/ Yoast SEO plugin. -->","yoast_head_json":{"title":"Contact - Marsol-project","robots":{"index":"index","follow":"follow","max-snippet":"max-snippet:-1","max-image-preview":"max-image-preview:large","max-video-preview":"max-video-preview:-1"},"canonical":"https:\/\/marsol-project.com\/index.php\/pages\/contact\/","og_locale":"hr_HR","og_type":"article","og_title":"Contact - Marsol-project","og_url":"https:\/\/marsol-project.com\/index.php\/pages\/contact\/","og_site_name":"Marsol-project","article_modified_time":"2025-01-06T09:58:49+00:00","og_image":[{"width":1901,"height":796,"url":"https:\/\/marsol-project.com\/wp-content\/uploads\/2025\/01\/Glavna-slika.jpg","type":"image\/jpeg"}],"twitter_card":"summary_large_image","twitter_misc":{"Procijenjeno vrijeme \u010ditanja":"1 minuta"},"schema":{"@context":"https:\/\/schema.org","@graph":[{"@type":"WebPage","@id":"https:\/\/marsol-project.com\/index.php\/pages\/contact\/","url":"https:\/\/marsol-project.com\/index.php\/pages\/contact\/","name":"Contact - Marsol-project","isPartOf":{"@id":"https:\/\/marsol-project.com\/#website"},"primaryImageOfPage":{"@id":"https:\/\/marsol-project.com\/index.php\/pages\/contact\/#primaryimage"},"image":{"@id":"https:\/\/marsol-project.com\/index.php\/pages\/contact\/#primaryimage"},"thumbnailUrl":"https:\/\/marsol-project.com\/wp-content\/uploads\/2025\/01\/Glavna-slika.jpg","datePublished":"2013-04-05T13:33:38+00:00","dateModified":"2025-01-06T09:58:49+00:00","breadcrumb":{"@id":"https:\/\/marsol-project.com\/index.php\/pages\/contact\/#breadcrumb"},"inLanguage":"hr","potentialAction":[{"@type":"ReadAction","target":["https:\/\/marsol-project.com\/index.php\/pages\/contact\/"]}]},{"@type":"ImageObject","inLanguage":"hr","@id":"https:\/\/marsol-project.com\/index.php\/pages\/contact\/#primaryimage","url":"https:\/\/marsol-project.com\/wp-content\/uploads\/2025\/01\/Glavna-slika.jpg","contentUrl":"https:\/\/marsol-project.com\/wp-content\/uploads\/2025\/01\/Glavna-slika.jpg","width":1901,"height":796},{"@type":"BreadcrumbList","@id":"https:\/\/marsol-project.com\/index.php\/pages\/contact\/#breadcrumb","itemListElement":[{"@type":"ListItem","position":1,"name":"Home","item":"https:\/\/marsol-project.com\/index.php\/about-us\/"},{"@type":"ListItem","position":2,"name":"Pages","item":"https:\/\/marsol-project.com\/index.php\/pages\/"},{"@type":"ListItem","position":3,"name":"Contact"}]},{"@type":"WebSite","@id":"https:\/\/marsol-project.com\/#website","url":"https:\/\/marsol-project.com\/","name":"Marsol-project","description":"","potentialAction":[{"@type":"SearchAction","target":{"@type":"EntryPoint","urlTemplate":"https:\/\/marsol-project.com\/?s={search_term_string}"},"query-input":{"@type":"PropertyValueSpecification","valueRequired":true,"valueName":"search_term_string"}}],"inLanguage":"hr"}]}},"_links":{"self":[{"href":"https:\/\/marsol-project.com\/index.php\/wp-json\/wp\/v2\/pages\/1167","targetHints":{"allow":["GET"]}}],"collection":[{"href":"https:\/\/marsol-project.com\/index.php\/wp-json\/wp\/v2\/pages"}],"about":[{"href":"https:\/\/marsol-project.com\/index.php\/wp-json\/wp\/v2\/types\/page"}],"author":[{"embeddable":true,"href":"https:\/\/marsol-project.com\/index.php\/wp-json\/wp\/v2\/users\/1"}],"replies":[{"embeddable":true,"href":"https:\/\/marsol-project.com\/index.php\/wp-json\/wp\/v2\/comments?post=1167"}],"version-history":[{"count":33,"href":"https:\/\/marsol-project.com\/index.php\/wp-json\/wp\/v2\/pages\/1167\/revisions"}],"predecessor-version":[{"id":3543,"href":"https:\/\/marsol-project.com\/index.php\/wp-json\/wp\/v2\/pages\/1167\/revisions\/3543"}],"up":[{"embeddable":true,"href":"https:\/\/marsol-project.com\/index.php\/wp-json\/wp\/v2\/pages\/1122"}],"wp:featuredmedia":[{"embeddable":true,"href":"https:\/\/marsol-project.com\/index.php\/wp-json\/wp\/v2\/media\/3357"}],"wp:attachment":[{"href":"https:\/\/marsol-project.com\/index.php\/wp-json\/wp\/v2\/media?parent=1167"}],"curies":[{"name":"wp","href":"https:\/\/api.w.org\/{rel}","templated":true}]}}